{"id":6,"date":"2021-07-27T14:11:07","date_gmt":"2021-07-27T14:11:07","guid":{"rendered":"http:\/\/sas.arteiasi.ro\/?page_id=6"},"modified":"2021-10-06T10:19:56","modified_gmt":"2021-10-06T07:19:56","slug":"societatea-antreprenoriala-a-studentilor","status":"publish","type":"page","link":"https:\/\/sas.arteiasi.ro\/","title":{"rendered":"Societatea Antreprenoriala Studenteasca"},"content":{"rendered":"\n<div class=\"wp-block-columns are-vertically-aligned-center is-layout-flex wp-container-core-columns-is-layout-9d6595d7 wp-block-columns-is-layout-flex\">\n<div class=\"wp-block-column is-vertically-aligned-center is-layout-flow wp-block-column-is-layout-flow\" style=\"flex-basis:100%\">\n<div class=\"wp-block-group\"><div class=\"wp-block-group__inner-container is-layout-flow wp-block-group-is-layout-flow\">\n<div class=\"wp-block-group\"><div class=\"wp-block-group__inner-container is-layout-flow wp-block-group-is-layout-flow\">\n<p>Societatea Antreprenorial\u0103 Studen\u021beasc\u0103 din cadrul Universit\u0103\u021bii Na\u021bionale de Arte \u201eGeorge Enescu\u201d din Ia\u0219i&nbsp;reprezint\u0103 un mecanism de sprijinire, dezvoltare \u0219i \u00eencurajare a spiritului antreprenorial \u00een mediul universitar, \u00een r\u00e2ndul studen\u021bilor \u0219i absolven\u021bilor de \u00eenv\u0103\u021b\u0103m\u00e2nt superior, \u00een vederea cre\u0219terii competitivit\u0103\u021bii universit\u0103\u021bii \u00een mediul socio-economic contemporan.&nbsp;<\/p>\n\n\n\n<p>Activitatea SAS-UNAGE este coordonat\u0103 de Consiliul Executiv. \u00cen exercitarea atribu\u021biilor ce \u00eei revin, Consiliul Executiv conlucreaz\u0103 cu Prorectoratul cu rela\u021bii interna\u021bionale, imaginea universitar\u0103 \u0219i probleme studen\u021be\u0219ti, Prorectoratul cu cercetarea \u015fi crea\u0163ia artistic\u0103, Institutul de Cercetare \u0219i Management Artistic (ICMA), Centrul de Informare,&nbsp;Consiliere \u015fi Orientare \u00een Carier\u0103 (CICOC), Asocia\u021bia Absolven\u021bilor UNAGE Ia\u0219i, reprezentan\u021bii studen\u021bilor din Consiliile facult\u0103\u021bilor \u0219i din Senat precum \u0219i cu Asocia\u0163iile studen\u0163e\u015fti legal constituite \u00een cadrul universit\u0103\u0163ii.<\/p>\n\n\n\n<p><strong>Principalele obiective ale SAS-UNAGE:<\/strong><\/p>\n\n\n\n<ol class=\"wp-block-list\" type=\"1\"><li>Promovarea spiritului antreprenorial \u00een r\u00e2ndul studen\u021bilor din cadrul UNAGE;<\/li><li>Stimularea spiritului antreprenorial \u00een r\u00e2ndul studen\u021bilor \u0219i absolven\u021bilor din cadrul UNAGE \u0219i sprijinirea \u00eenfiin\u021b\u0103rii de start-up-uri;<\/li><li>Incubarea <em>start-up<\/em>-urilor \u00eenfiin\u021bate de c\u0103tre studen\u021bii \u0219i absolven\u021bii din cadrul UNAGE;<\/li><li>Promovarea la nivel regional, na\u021bional \u0219i interna\u021bional a start-up-urilor \u00eenfiin\u021bate de c\u0103tre studen\u021bii \u0219i absolven\u021bii din cadrul UNAGE;<\/li><li>Dezvoltarea de parteneriate strategice pentru sus\u021binerea <em>start-up<\/em>-urilor \u00eenfiin\u021bate de c\u0103tre studen\u021bii \u0219i absolven\u021bii din cadrul UNAGE;<\/li><li>Coordonarea activit\u0103\u021bii tuturor incubatoarelor de afaceri (conform legii 102\/2016 privind incubatoarele de afaceri), \u00eentreprinderilor simulate \u0219i altor entit\u0103\u021bi antreprenoriale, din cadrul UNAGE;<\/li><\/ol>\n\n\n\n<p><strong>Principalele activit\u0103\u021bi desf\u0103\u0219urate de SAS-UNAGE:<\/strong><\/p>\n\n\n\n<ol class=\"wp-block-list\" type=\"a\"><li>Organizarea de activit\u0103\u0163i de mentorat \u00een scopul dezvolt\u0103rii competen\u0163elor \u015fi aptitudinilor antreprenoriale ale studen\u0163ilor;<\/li><li>Acordarea de asisten\u0163\u0103 \u015fi consultan\u0163\u0103 studen\u0163ilor care vor s\u0103 \u00eenfiin\u0163eze un <em>start-up<\/em> sau un ONG;<\/li><li>Organizarea de \u00eent\u00e2lniri cu reprezentan\u0163i ai mediului de afaceri \u00een scopul realiz\u0103rii conexiunilor \u00eentre studen\u0163i \u015fi mediul de afaceri;<\/li><li>Facilitarea particip\u0103rii studen\u0163ilor la manifest\u0103rile profesionale organizate de entit\u0103\u0163i implicate \u00een via\u0163a economic\u0103;<\/li><li>Organizarea de \u00eent\u00e2lniri cu antreprenori de succes, \u00een scopul cre\u015fterii interesului studen\u0163ilor pentru anumite domenii de activitate;<\/li><li>Elaborarea de materiale destinate inform\u0103rii \u015fi orient\u0103rii studen\u0163ilor \u00een realizarea planurilor de afaceri \u015fi\/sau proiectelor de finan\u0163are;<\/li><li>Organizarea de concursuri care s\u0103 ofere studen\u0163ilor oportunitatea de a colabora \u00eentr-un mediu competitiv;<\/li><li>Organizarea de sesiuni de proiecte de start-up, idei de afaceri etc., cu scopul select\u0103rii unor propuneri care s\u0103 fie \u00eenaintate CE spre evaluare \u015fi feedback;<\/li><li>Organizarea de concursuri pentru atragerea de finan\u0163\u0103ri pentru cele mai bune proiecte;<\/li><li>Organizarea de cursuri de Competen\u0163e antreprenoriale \u015fi Manager proiect cu recunoa\u015ftere ANC (Autoritatea Na\u0163ional\u0103 a Calific\u0103rilor);<\/li><li>Alte activit\u0103\u0163i propuse de membrii s\u0103i \u015fi aprobate de CE.<\/li><\/ol>\n<\/div><\/div>\n<\/div><\/div>\n<\/div>\n<\/div>\n","protected":false},"excerpt":{"rendered":"<p>Societatea Antreprenorial\u0103 Studen\u021beasc\u0103 din cadrul Universit\u0103\u021bii Na\u021bionale de Arte \u201eGeorge Enescu\u201d din Ia\u0219i&nbsp;reprezint\u0103 un mecanism de sprijinire, dezvoltare \u0219i \u00eencurajare a spiritului antreprenorial \u00een mediul universitar, \u00een r\u00e2ndul studen\u021bilor \u0219i absolven\u021bilor de \u00eenv\u0103\u021b\u0103m\u00e2nt superior, \u00een vederea cre\u0219terii competitivit\u0103\u021bii universit\u0103\u021bii \u00een mediul socio-economic contemporan.&nbsp; Activitatea SAS-UNAGE este coordonat\u0103 de Consiliul Executiv. \u00cen exercitarea atribu\u021biilor ce \u00eei [&hellip;]<\/p>\n","protected":false},"author":1,"featured_media":0,"parent":0,"menu_order":0,"comment_status":"closed","ping_status":"closed","template":"","meta":{"footnotes":""},"class_list":["post-6","page","type-page","status-publish","hentry","entry"],"_links":{"self":[{"href":"https:\/\/sas.arteiasi.ro\/index.php?rest_route=\/wp\/v2\/pages\/6","targetHints":{"allow":["GET"]}}],"collection":[{"href":"https:\/\/sas.arteiasi.ro\/index.php?rest_route=\/wp\/v2\/pages"}],"about":[{"href":"https:\/\/sas.arteiasi.ro\/index.php?rest_route=\/wp\/v2\/types\/page"}],"author":[{"embeddable":true,"href":"https:\/\/sas.arteiasi.ro\/index.php?rest_route=\/wp\/v2\/users\/1"}],"replies":[{"embeddable":true,"href":"https:\/\/sas.arteiasi.ro\/index.php?rest_route=%2Fwp%2Fv2%2Fcomments&post=6"}],"version-history":[{"count":5,"href":"https:\/\/sas.arteiasi.ro\/index.php?rest_route=\/wp\/v2\/pages\/6\/revisions"}],"predecessor-version":[{"id":124,"href":"https:\/\/sas.arteiasi.ro\/index.php?rest_route=\/wp\/v2\/pages\/6\/revisions\/124"}],"wp:attachment":[{"href":"https:\/\/sas.arteiasi.ro\/index.php?rest_route=%2Fwp%2Fv2%2Fmedia&parent=6"}],"curies":[{"name":"wp","href":"https:\/\/api.w.org\/{rel}","templated":true}]}}